{"id":1610,"date":"2021-08-06T00:05:29","date_gmt":"2021-08-06T00:05:29","guid":{"rendered":"https:\/\/aleluyashop.com\/home\/?post_type=product&#038;p=1610"},"modified":"2025-09-26T13:38:01","modified_gmt":"2025-09-26T13:38:01","slug":"camiseta-un-dia-a-la-vez","status":"publish","type":"product","link":"https:\/\/aleluyashop.com\/index.php\/producto\/camiseta-un-dia-a-la-vez\/","title":{"rendered":"Camiseta Un d\u00eda a la vez"},"content":{"rendered":"<p>Sum\u00e9rgete en la magia del presente y decide vivir siempre un d\u00eda a la vez.<\/p>\n<p>Vive una experiencia de buena vibra, comodidad y versatilidad en una sola prenda.<\/p>\n","protected":false},"excerpt":{"rendered":"<p>Sum\u00e9rgete en la magia del presente y decide vivir siempre un d\u00eda a la vez.<\/p>\n<p>Vive una experiencia de buena vibra, comodidad y versatilidad en una sola prenda.<\/p>\n","protected":false},"featured_media":1611,"comment_status":"open","ping_status":"closed","template":"","meta":{"_et_pb_use_builder":"","_et_pb_old_content":"","_et_gb_content_width":"","_joinchat":[]},"product_cat":[20],"product_tag":[],"_links":{"self":[{"href":"https:\/\/aleluyashop.com\/index.php\/wp-json\/wp\/v2\/product\/1610"}],"collection":[{"href":"https:\/\/aleluyashop.com\/index.php\/wp-json\/wp\/v2\/product"}],"about":[{"href":"https:\/\/aleluyashop.com\/index.php\/wp-json\/wp\/v2\/types\/product"}],"replies":[{"embeddable":true,"href":"https:\/\/aleluyashop.com\/index.php\/wp-json\/wp\/v2\/comments?post=1610"}],"wp:featuredmedia":[{"embeddable":true,"href":"https:\/\/aleluyashop.com\/index.php\/wp-json\/wp\/v2\/media\/1611"}],"wp:attachment":[{"href":"https:\/\/aleluyashop.com\/index.php\/wp-json\/wp\/v2\/media?parent=1610"}],"wp:term":[{"taxonomy":"product_cat","embeddable":true,"href":"https:\/\/aleluyashop.com\/index.php\/wp-json\/wp\/v2\/product_cat?post=1610"},{"taxonomy":"product_tag","embeddable":true,"href":"https:\/\/aleluyashop.com\/index.php\/wp-json\/wp\/v2\/product_tag?post=1610"}],"curies":[{"name":"wp","href":"https:\/\/api.w.org\/{rel}","templated":true}]}}